{"id":32,"date":"2020-04-30T10:31:42","date_gmt":"2020-04-30T10:31:42","guid":{"rendered":"http:\/\/2s-pc.net\/?page_id=32"},"modified":"2025-03-02T11:41:14","modified_gmt":"2025-03-02T11:41:14","slug":"impressum","status":"publish","type":"page","link":"https:\/\/2s-pc.net\/?page_id=32","title":{"rendered":"Impressum"},"content":{"rendered":"<div style=\"word-wrap: break-word;\"><h1>Impressum<\/h1>\n\n<p>Thomas Siekmann<br \/>\nHardware-Spezialist<br \/>\nAm Zehnthof 4<br \/>\n52146 W&uuml;rselen<\/p>\n\n<h2>Kontakt<\/h2>\n<p>Telefon: 02405 898404<br \/>\nTelefax: 02405 898366<br \/>\nE-Mail: service@2s-pc.de<\/p>\n\n<h2>Umsatzsteuer-ID<\/h2>\n<p>Umsatzsteuer-Identifikationsnummer gem&auml;&szlig; &sect; 27 a Umsatzsteuergesetz:<br \/>\nDE231613311<\/p>\n\n<h2>Verbraucher&shy;streit&shy;beilegung\/Universal&shy;schlichtungs&shy;stelle<\/h2>\n<p>Wir sind nicht bereit oder verpflichtet, an Streitbeilegungsverfahren vor einer Verbraucherschlichtungsstelle teilzunehmen.<\/p><\/div>\n\n\n<p><strong>Haftungsausschluss<\/strong>: <br>Der Betreiber ist bem\u00fcht, f\u00fcr die Richtigkeit und Aktualit\u00e4t aller auf der Webseite enthaltenen Informationen zu sorgen. Eine Haftung oder Garantie f\u00fcr die Aktualit\u00e4t, Richtigkeit und Vollst\u00e4ndigkeit der zur Verf\u00fcgung gestellten Informationen und Daten ist jedoch ausgeschlossen. Der Betreiber beh\u00e4lt sich vor, ohne Ank\u00fcndigung \u00c4nderungen oder Erg\u00e4nzungen der bereitgestellten Informationen und Daten vorzunehmen. Trotz sorgf\u00e4ltiger inhaltlicher Kontrolle \u00fcbernehmen wir keine Haftung f\u00fcr die Inhalte externer Links. F\u00fcr den Inhalt der verlinkten Seiten sind ausschlie\u00dflich deren Betreiber verantwortlich. <\/p>\n\n\n\n<p><strong>Texte und Layout der Webseite: Juliane Siekmann, <a rel=\"noreferrer noopener\" href=\"http:\/\/https\/\/wortfrau.de\" target=\"_blank\">https:\/\/wortfrau.de<\/a><\/strong><\/p>\n","protected":false},"excerpt":{"rendered":"<p>Haftungsausschluss: Der Betreiber ist bem\u00fcht, f\u00fcr die Richtigkeit und Aktualit\u00e4t aller auf der Webseite enthaltenen Informationen zu sorgen. Eine Haftung&hellip;<\/p>\n","protected":false},"author":1,"featured_media":92,"parent":0,"menu_order":0,"comment_status":"closed","ping_status":"closed","template":"","meta":{"footnotes":""},"class_list":["post-32","page","type-page","status-publish","has-post-thumbnail","hentry"],"yoast_head":"<!-- This site is optimized with the Yoast SEO plugin v27.5 - https:\/\/yoast.com\/product\/yoast-seo-wordpress\/ -->\n<title>Impressum - 2S-PC smart &amp; silent<\/title>\n<meta name=\"robots\" content=\"index, follow, max-snippet:-1, max-image-preview:large, max-video-preview:-1\" \/>\n<link rel=\"canonical\" href=\"https:\/\/2s-pc.net\/?page_id=32\" \/>\n<meta property=\"og:locale\" content=\"de_DE\" \/>\n<meta property=\"og:type\" content=\"article\" \/>\n<meta property=\"og:title\" content=\"Impressum - 2S-PC smart &amp; silent\" \/>\n<meta property=\"og:description\" content=\"Haftungsausschluss: Der Betreiber ist bem\u00fcht, f\u00fcr die Richtigkeit und Aktualit\u00e4t aller auf der Webseite enthaltenen Informationen zu sorgen. Eine Haftung&hellip;\" \/>\n<meta property=\"og:url\" content=\"https:\/\/2s-pc.net\/?page_id=32\" \/>\n<meta property=\"og:site_name\" content=\"2S-PC smart &amp; silent\" \/>\n<meta property=\"article:modified_time\" content=\"2025-03-02T11:41:14+00:00\" \/>\n<meta property=\"og:image\" content=\"https:\/\/2s-pc.net\/wp-content\/uploads\/2020\/05\/Header_Kontakt.jpg\" \/>\n\t<meta property=\"og:image:width\" content=\"1500\" \/>\n\t<meta property=\"og:image:height\" content=\"281\" \/>\n\t<meta property=\"og:image:type\" content=\"image\/jpeg\" \/>\n<meta name=\"twitter:card\" content=\"summary_large_image\" \/>\n<meta name=\"twitter:label1\" content=\"Gesch\u00e4tzte Lesezeit\" \/>\n\t<meta name=\"twitter:data1\" content=\"1\u00a0Minute\" \/>\n<script type=\"application\/ld+json\" class=\"yoast-schema-graph\">{\"@context\":\"https:\\\/\\\/schema.org\",\"@graph\":[{\"@type\":\"WebPage\",\"@id\":\"https:\\\/\\\/2s-pc.net\\\/?page_id=32\",\"url\":\"https:\\\/\\\/2s-pc.net\\\/?page_id=32\",\"name\":\"Impressum - 2S-PC smart &amp; silent\",\"isPartOf\":{\"@id\":\"https:\\\/\\\/2s-pc.net\\\/#website\"},\"primaryImageOfPage\":{\"@id\":\"https:\\\/\\\/2s-pc.net\\\/?page_id=32#primaryimage\"},\"image\":{\"@id\":\"https:\\\/\\\/2s-pc.net\\\/?page_id=32#primaryimage\"},\"thumbnailUrl\":\"https:\\\/\\\/2s-pc.net\\\/wp-content\\\/uploads\\\/2020\\\/05\\\/Header_Kontakt.jpg\",\"datePublished\":\"2020-04-30T10:31:42+00:00\",\"dateModified\":\"2025-03-02T11:41:14+00:00\",\"breadcrumb\":{\"@id\":\"https:\\\/\\\/2s-pc.net\\\/?page_id=32#breadcrumb\"},\"inLanguage\":\"de\",\"potentialAction\":[{\"@type\":\"ReadAction\",\"target\":[\"https:\\\/\\\/2s-pc.net\\\/?page_id=32\"]}]},{\"@type\":\"ImageObject\",\"inLanguage\":\"de\",\"@id\":\"https:\\\/\\\/2s-pc.net\\\/?page_id=32#primaryimage\",\"url\":\"https:\\\/\\\/2s-pc.net\\\/wp-content\\\/uploads\\\/2020\\\/05\\\/Header_Kontakt.jpg\",\"contentUrl\":\"https:\\\/\\\/2s-pc.net\\\/wp-content\\\/uploads\\\/2020\\\/05\\\/Header_Kontakt.jpg\",\"width\":1500,\"height\":281},{\"@type\":\"BreadcrumbList\",\"@id\":\"https:\\\/\\\/2s-pc.net\\\/?page_id=32#breadcrumb\",\"itemListElement\":[{\"@type\":\"ListItem\",\"position\":1,\"name\":\"Startseite\",\"item\":\"https:\\\/\\\/2s-pc.net\\\/\"},{\"@type\":\"ListItem\",\"position\":2,\"name\":\"Impressum\"}]},{\"@type\":\"WebSite\",\"@id\":\"https:\\\/\\\/2s-pc.net\\\/#website\",\"url\":\"https:\\\/\\\/2s-pc.net\\\/\",\"name\":\"2S-PC smart &amp; silent\",\"description\":\"Ihr Hardware-Spezialist f\u00fcr besondere Anspr\u00fcche\",\"potentialAction\":[{\"@type\":\"SearchAction\",\"target\":{\"@type\":\"EntryPoint\",\"urlTemplate\":\"https:\\\/\\\/2s-pc.net\\\/?s={search_term_string}\"},\"query-input\":{\"@type\":\"PropertyValueSpecification\",\"valueRequired\":true,\"valueName\":\"search_term_string\"}}],\"inLanguage\":\"de\"}]}<\/script>\n<!-- \/ Yoast SEO plugin. -->","yoast_head_json":{"title":"Impressum - 2S-PC smart &amp; silent","robots":{"index":"index","follow":"follow","max-snippet":"max-snippet:-1","max-image-preview":"max-image-preview:large","max-video-preview":"max-video-preview:-1"},"canonical":"https:\/\/2s-pc.net\/?page_id=32","og_locale":"de_DE","og_type":"article","og_title":"Impressum - 2S-PC smart &amp; silent","og_description":"Haftungsausschluss: Der Betreiber ist bem\u00fcht, f\u00fcr die Richtigkeit und Aktualit\u00e4t aller auf der Webseite enthaltenen Informationen zu sorgen. Eine Haftung&hellip;","og_url":"https:\/\/2s-pc.net\/?page_id=32","og_site_name":"2S-PC smart &amp; silent","article_modified_time":"2025-03-02T11:41:14+00:00","og_image":[{"width":1500,"height":281,"url":"https:\/\/2s-pc.net\/wp-content\/uploads\/2020\/05\/Header_Kontakt.jpg","type":"image\/jpeg"}],"twitter_card":"summary_large_image","twitter_misc":{"Gesch\u00e4tzte Lesezeit":"1\u00a0Minute"},"schema":{"@context":"https:\/\/schema.org","@graph":[{"@type":"WebPage","@id":"https:\/\/2s-pc.net\/?page_id=32","url":"https:\/\/2s-pc.net\/?page_id=32","name":"Impressum - 2S-PC smart &amp; silent","isPartOf":{"@id":"https:\/\/2s-pc.net\/#website"},"primaryImageOfPage":{"@id":"https:\/\/2s-pc.net\/?page_id=32#primaryimage"},"image":{"@id":"https:\/\/2s-pc.net\/?page_id=32#primaryimage"},"thumbnailUrl":"https:\/\/2s-pc.net\/wp-content\/uploads\/2020\/05\/Header_Kontakt.jpg","datePublished":"2020-04-30T10:31:42+00:00","dateModified":"2025-03-02T11:41:14+00:00","breadcrumb":{"@id":"https:\/\/2s-pc.net\/?page_id=32#breadcrumb"},"inLanguage":"de","potentialAction":[{"@type":"ReadAction","target":["https:\/\/2s-pc.net\/?page_id=32"]}]},{"@type":"ImageObject","inLanguage":"de","@id":"https:\/\/2s-pc.net\/?page_id=32#primaryimage","url":"https:\/\/2s-pc.net\/wp-content\/uploads\/2020\/05\/Header_Kontakt.jpg","contentUrl":"https:\/\/2s-pc.net\/wp-content\/uploads\/2020\/05\/Header_Kontakt.jpg","width":1500,"height":281},{"@type":"BreadcrumbList","@id":"https:\/\/2s-pc.net\/?page_id=32#breadcrumb","itemListElement":[{"@type":"ListItem","position":1,"name":"Startseite","item":"https:\/\/2s-pc.net\/"},{"@type":"ListItem","position":2,"name":"Impressum"}]},{"@type":"WebSite","@id":"https:\/\/2s-pc.net\/#website","url":"https:\/\/2s-pc.net\/","name":"2S-PC smart &amp; silent","description":"Ihr Hardware-Spezialist f\u00fcr besondere Anspr\u00fcche","potentialAction":[{"@type":"SearchAction","target":{"@type":"EntryPoint","urlTemplate":"https:\/\/2s-pc.net\/?s={search_term_string}"},"query-input":{"@type":"PropertyValueSpecification","valueRequired":true,"valueName":"search_term_string"}}],"inLanguage":"de"}]}},"_links":{"self":[{"href":"https:\/\/2s-pc.net\/index.php?rest_route=\/wp\/v2\/pages\/32","targetHints":{"allow":["GET"]}}],"collection":[{"href":"https:\/\/2s-pc.net\/index.php?rest_route=\/wp\/v2\/pages"}],"about":[{"href":"https:\/\/2s-pc.net\/index.php?rest_route=\/wp\/v2\/types\/page"}],"author":[{"embeddable":true,"href":"https:\/\/2s-pc.net\/index.php?rest_route=\/wp\/v2\/users\/1"}],"replies":[{"embeddable":true,"href":"https:\/\/2s-pc.net\/index.php?rest_route=%2Fwp%2Fv2%2Fcomments&post=32"}],"version-history":[{"count":3,"href":"https:\/\/2s-pc.net\/index.php?rest_route=\/wp\/v2\/pages\/32\/revisions"}],"predecessor-version":[{"id":169,"href":"https:\/\/2s-pc.net\/index.php?rest_route=\/wp\/v2\/pages\/32\/revisions\/169"}],"wp:featuredmedia":[{"embeddable":true,"href":"https:\/\/2s-pc.net\/index.php?rest_route=\/wp\/v2\/media\/92"}],"wp:attachment":[{"href":"https:\/\/2s-pc.net\/index.php?rest_route=%2Fwp%2Fv2%2Fmedia&parent=32"}],"curies":[{"name":"wp","href":"https:\/\/api.w.org\/{rel}","templated":true}]}}