{"id":15,"date":"2020-04-30T10:31:42","date_gmt":"2020-04-30T10:31:42","guid":{"rendered":"http:\/\/2s-pc.net\/?page_id=15"},"modified":"2022-11-08T08:36:23","modified_gmt":"2022-11-08T08:36:23","slug":"hardware-know-how-fuer-kmu","status":"publish","type":"page","link":"https:\/\/2s-pc.net\/?page_id=15","title":{"rendered":"Firmenkunden"},"content":{"rendered":"\n<p>Seit dem Jahr 2003 beliefert und unterst\u00fctzt mein Unternehmen kleine und mittelst\u00e4ndische Firmen sowie Freiberufler. Ich richte mich dabei individuell nach Ihren W\u00fcnschen und biete sowohl punktuelle Hilfe oder Hardwarelieferungen wie auch den kompletten Rund-um-Service von der Installation bis zur L\u00f6sung allt\u00e4glicher Probleme und regelm\u00e4\u00dfigen Wartung.<\/p>\n\n\n\n<ul class=\"wp-block-list\"><li>Beratung bei und Verkauf von neuen Computern<\/li><li>Reparatur oder Optimierung von vorhandenen Rechnern im Rahmen des technisch Machbaren <\/li><li>Neuinstallation von Firmennetzwerken, Installation im vorhandenen Netzwerk, ggf. Erweiterung und Aktualisierung <\/li><li>Gesch\u00fctzter Datentransfer von Altger\u00e4ten zu Neuger\u00e4ten, auch f\u00fcr vertrauliche Informationen <\/li><li>Softwareinstallation extern oder intern, Fernwartung <\/li><li>Nutzerfreundliche und sichere Backupl\u00f6sungen <\/li><li>Einrichtung von Kopierern, Druckern, NAS, Faxger\u00e4ten, Tablets, Smartphones etc. <\/li><li>Nutzereinweisung am Ger\u00e4t <\/li><li>Zeitnahe Hilfe bei Computerproblemen oder -ausf\u00e4llen<\/li><li>Fachgerechte Entsorgung von Altger\u00e4ten inkl. Datenvernichtung<\/li><li>Einrichtung von \u00dcberwachungssystemen<\/li><\/ul>\n","protected":false},"excerpt":{"rendered":"<p>Seit dem Jahr 2003 beliefert und unterst\u00fctzt mein Unternehmen kleine und mittelst\u00e4ndische Firmen sowie Freiberufler. Ich richte mich dabei individuell&hellip;<\/p>\n","protected":false},"author":1,"featured_media":104,"parent":0,"menu_order":0,"comment_status":"closed","ping_status":"closed","template":"","meta":{"footnotes":""},"class_list":["post-15","page","type-page","status-publish","has-post-thumbnail","hentry"],"yoast_head":"<!-- This site is optimized with the Yoast SEO plugin v27.4 - https:\/\/yoast.com\/product\/yoast-seo-wordpress\/ -->\n<title>Firmenkunden - 2S-PC smart &amp; silent<\/title>\n<meta name=\"description\" content=\"2S-PC beliefert und unterst\u00fctzt seit Jahrzehnten kleine und mittelst\u00e4ndische Unternehmen sowie Freiberufler in W\u00fcrselen, Aachen und der Euregio.\" \/>\n<meta name=\"robots\" content=\"index, follow, max-snippet:-1, max-image-preview:large, max-video-preview:-1\" \/>\n<link rel=\"canonical\" href=\"https:\/\/2s-pc.net\/?page_id=15\" \/>\n<meta property=\"og:locale\" content=\"de_DE\" \/>\n<meta property=\"og:type\" content=\"article\" \/>\n<meta property=\"og:title\" content=\"Firmenkunden - 2S-PC smart &amp; silent\" \/>\n<meta property=\"og:description\" content=\"2S-PC beliefert und unterst\u00fctzt seit Jahrzehnten kleine und mittelst\u00e4ndische Unternehmen sowie Freiberufler in W\u00fcrselen, Aachen und der Euregio.\" \/>\n<meta property=\"og:url\" content=\"https:\/\/2s-pc.net\/?page_id=15\" \/>\n<meta property=\"og:site_name\" content=\"2S-PC smart &amp; silent\" \/>\n<meta property=\"article:modified_time\" content=\"2022-11-08T08:36:23+00:00\" \/>\n<meta property=\"og:image\" content=\"https:\/\/2s-pc.net\/wp-content\/uploads\/2020\/05\/Header_firmen3-1.jpg\" \/>\n\t<meta property=\"og:image:width\" content=\"1500\" \/>\n\t<meta property=\"og:image:height\" content=\"270\" \/>\n\t<meta property=\"og:image:type\" content=\"image\/jpeg\" \/>\n<meta name=\"twitter:card\" content=\"summary_large_image\" \/>\n<meta name=\"twitter:label1\" content=\"Gesch\u00e4tzte Lesezeit\" \/>\n\t<meta name=\"twitter:data1\" content=\"1\u00a0Minute\" \/>\n<script type=\"application\/ld+json\" class=\"yoast-schema-graph\">{\"@context\":\"https:\\\/\\\/schema.org\",\"@graph\":[{\"@type\":\"WebPage\",\"@id\":\"https:\\\/\\\/2s-pc.net\\\/?page_id=15\",\"url\":\"https:\\\/\\\/2s-pc.net\\\/?page_id=15\",\"name\":\"Firmenkunden - 2S-PC smart &amp; silent\",\"isPartOf\":{\"@id\":\"https:\\\/\\\/2s-pc.net\\\/#website\"},\"primaryImageOfPage\":{\"@id\":\"https:\\\/\\\/2s-pc.net\\\/?page_id=15#primaryimage\"},\"image\":{\"@id\":\"https:\\\/\\\/2s-pc.net\\\/?page_id=15#primaryimage\"},\"thumbnailUrl\":\"https:\\\/\\\/2s-pc.net\\\/wp-content\\\/uploads\\\/2020\\\/05\\\/Header_firmen3-1.jpg\",\"datePublished\":\"2020-04-30T10:31:42+00:00\",\"dateModified\":\"2022-11-08T08:36:23+00:00\",\"description\":\"2S-PC beliefert und unterst\u00fctzt seit Jahrzehnten kleine und mittelst\u00e4ndische Unternehmen sowie Freiberufler in W\u00fcrselen, Aachen und der Euregio.\",\"breadcrumb\":{\"@id\":\"https:\\\/\\\/2s-pc.net\\\/?page_id=15#breadcrumb\"},\"inLanguage\":\"de\",\"potentialAction\":[{\"@type\":\"ReadAction\",\"target\":[\"https:\\\/\\\/2s-pc.net\\\/?page_id=15\"]}]},{\"@type\":\"ImageObject\",\"inLanguage\":\"de\",\"@id\":\"https:\\\/\\\/2s-pc.net\\\/?page_id=15#primaryimage\",\"url\":\"https:\\\/\\\/2s-pc.net\\\/wp-content\\\/uploads\\\/2020\\\/05\\\/Header_firmen3-1.jpg\",\"contentUrl\":\"https:\\\/\\\/2s-pc.net\\\/wp-content\\\/uploads\\\/2020\\\/05\\\/Header_firmen3-1.jpg\",\"width\":1500,\"height\":270},{\"@type\":\"BreadcrumbList\",\"@id\":\"https:\\\/\\\/2s-pc.net\\\/?page_id=15#breadcrumb\",\"itemListElement\":[{\"@type\":\"ListItem\",\"position\":1,\"name\":\"Startseite\",\"item\":\"https:\\\/\\\/2s-pc.net\\\/\"},{\"@type\":\"ListItem\",\"position\":2,\"name\":\"Firmenkunden\"}]},{\"@type\":\"WebSite\",\"@id\":\"https:\\\/\\\/2s-pc.net\\\/#website\",\"url\":\"https:\\\/\\\/2s-pc.net\\\/\",\"name\":\"2S-PC smart &amp; silent\",\"description\":\"Ihr Hardware-Spezialist f\u00fcr besondere Anspr\u00fcche\",\"potentialAction\":[{\"@type\":\"SearchAction\",\"target\":{\"@type\":\"EntryPoint\",\"urlTemplate\":\"https:\\\/\\\/2s-pc.net\\\/?s={search_term_string}\"},\"query-input\":{\"@type\":\"PropertyValueSpecification\",\"valueRequired\":true,\"valueName\":\"search_term_string\"}}],\"inLanguage\":\"de\"}]}<\/script>\n<!-- \/ Yoast SEO plugin. -->","yoast_head_json":{"title":"Firmenkunden - 2S-PC smart &amp; silent","description":"2S-PC beliefert und unterst\u00fctzt seit Jahrzehnten kleine und mittelst\u00e4ndische Unternehmen sowie Freiberufler in W\u00fcrselen, Aachen und der Euregio.","robots":{"index":"index","follow":"follow","max-snippet":"max-snippet:-1","max-image-preview":"max-image-preview:large","max-video-preview":"max-video-preview:-1"},"canonical":"https:\/\/2s-pc.net\/?page_id=15","og_locale":"de_DE","og_type":"article","og_title":"Firmenkunden - 2S-PC smart &amp; silent","og_description":"2S-PC beliefert und unterst\u00fctzt seit Jahrzehnten kleine und mittelst\u00e4ndische Unternehmen sowie Freiberufler in W\u00fcrselen, Aachen und der Euregio.","og_url":"https:\/\/2s-pc.net\/?page_id=15","og_site_name":"2S-PC smart &amp; silent","article_modified_time":"2022-11-08T08:36:23+00:00","og_image":[{"width":1500,"height":270,"url":"https:\/\/2s-pc.net\/wp-content\/uploads\/2020\/05\/Header_firmen3-1.jpg","type":"image\/jpeg"}],"twitter_card":"summary_large_image","twitter_misc":{"Gesch\u00e4tzte Lesezeit":"1\u00a0Minute"},"schema":{"@context":"https:\/\/schema.org","@graph":[{"@type":"WebPage","@id":"https:\/\/2s-pc.net\/?page_id=15","url":"https:\/\/2s-pc.net\/?page_id=15","name":"Firmenkunden - 2S-PC smart &amp; silent","isPartOf":{"@id":"https:\/\/2s-pc.net\/#website"},"primaryImageOfPage":{"@id":"https:\/\/2s-pc.net\/?page_id=15#primaryimage"},"image":{"@id":"https:\/\/2s-pc.net\/?page_id=15#primaryimage"},"thumbnailUrl":"https:\/\/2s-pc.net\/wp-content\/uploads\/2020\/05\/Header_firmen3-1.jpg","datePublished":"2020-04-30T10:31:42+00:00","dateModified":"2022-11-08T08:36:23+00:00","description":"2S-PC beliefert und unterst\u00fctzt seit Jahrzehnten kleine und mittelst\u00e4ndische Unternehmen sowie Freiberufler in W\u00fcrselen, Aachen und der Euregio.","breadcrumb":{"@id":"https:\/\/2s-pc.net\/?page_id=15#breadcrumb"},"inLanguage":"de","potentialAction":[{"@type":"ReadAction","target":["https:\/\/2s-pc.net\/?page_id=15"]}]},{"@type":"ImageObject","inLanguage":"de","@id":"https:\/\/2s-pc.net\/?page_id=15#primaryimage","url":"https:\/\/2s-pc.net\/wp-content\/uploads\/2020\/05\/Header_firmen3-1.jpg","contentUrl":"https:\/\/2s-pc.net\/wp-content\/uploads\/2020\/05\/Header_firmen3-1.jpg","width":1500,"height":270},{"@type":"BreadcrumbList","@id":"https:\/\/2s-pc.net\/?page_id=15#breadcrumb","itemListElement":[{"@type":"ListItem","position":1,"name":"Startseite","item":"https:\/\/2s-pc.net\/"},{"@type":"ListItem","position":2,"name":"Firmenkunden"}]},{"@type":"WebSite","@id":"https:\/\/2s-pc.net\/#website","url":"https:\/\/2s-pc.net\/","name":"2S-PC smart &amp; silent","description":"Ihr Hardware-Spezialist f\u00fcr besondere Anspr\u00fcche","potentialAction":[{"@type":"SearchAction","target":{"@type":"EntryPoint","urlTemplate":"https:\/\/2s-pc.net\/?s={search_term_string}"},"query-input":{"@type":"PropertyValueSpecification","valueRequired":true,"valueName":"search_term_string"}}],"inLanguage":"de"}]}},"_links":{"self":[{"href":"https:\/\/2s-pc.net\/index.php?rest_route=\/wp\/v2\/pages\/15","targetHints":{"allow":["GET"]}}],"collection":[{"href":"https:\/\/2s-pc.net\/index.php?rest_route=\/wp\/v2\/pages"}],"about":[{"href":"https:\/\/2s-pc.net\/index.php?rest_route=\/wp\/v2\/types\/page"}],"author":[{"embeddable":true,"href":"https:\/\/2s-pc.net\/index.php?rest_route=\/wp\/v2\/users\/1"}],"replies":[{"embeddable":true,"href":"https:\/\/2s-pc.net\/index.php?rest_route=%2Fwp%2Fv2%2Fcomments&post=15"}],"version-history":[{"count":4,"href":"https:\/\/2s-pc.net\/index.php?rest_route=\/wp\/v2\/pages\/15\/revisions"}],"predecessor-version":[{"id":102,"href":"https:\/\/2s-pc.net\/index.php?rest_route=\/wp\/v2\/pages\/15\/revisions\/102"}],"wp:featuredmedia":[{"embeddable":true,"href":"https:\/\/2s-pc.net\/index.php?rest_route=\/wp\/v2\/media\/104"}],"wp:attachment":[{"href":"https:\/\/2s-pc.net\/index.php?rest_route=%2Fwp%2Fv2%2Fmedia&parent=15"}],"curies":[{"name":"wp","href":"https:\/\/api.w.org\/{rel}","templated":true}]}}